{"id":866,"date":"2022-09-29T19:51:15","date_gmt":"2022-09-29T19:51:15","guid":{"rendered":"https:\/\/casadosbragancas.com\/m\/?page_id=866"},"modified":"2022-09-29T20:00:30","modified_gmt":"2022-09-29T20:00:30","slug":"ral","status":"publish","type":"page","link":"https:\/\/casadosbragancas.com\/m\/index.php\/ral\/","title":{"rendered":"RAL"},"content":{"rendered":"\t\t<div data-elementor-type=\"wp-page\" data-elementor-id=\"866\" class=\"elementor elementor-866\" data-elementor-post-type=\"page\">\n\t\t\t\t\t\t<section class=\"elementor-section elementor-top-section elementor-element elementor-element-a857b99 elementor-section-boxed elementor-section-height-default elementor-section-height-default\" data-id=\"a857b99\" data-element_type=\"section\">\n\t\t\t\t\t\t<div class=\"elementor-container elementor-column-gap-default\">\n\t\t\t\t\t<div class=\"elementor-column elementor-col-100 elementor-top-column elementor-element elementor-element-3ab2465\" data-id=\"3ab2465\" data-element_type=\"column\">\n\t\t\t<div class=\"elementor-widget-wrap\">\n\t\t\t\t\t\t\t<\/div>\n\t\t<\/div>\n\t\t\t\t\t<\/div>\n\t\t<\/section>\n\t\t\t\t<section class=\"elementor-section elementor-top-section elementor-element elementor-element-a426e29 elementor-section-boxed elementor-section-height-default elementor-section-height-default\" data-id=\"a426e29\" data-element_type=\"section\">\n\t\t\t\t\t\t<div class=\"elementor-container elementor-column-gap-default\">\n\t\t\t\t\t<div class=\"elementor-column elementor-col-100 elementor-top-column elementor-element elementor-element-39d8731\" data-id=\"39d8731\" data-element_type=\"column\">\n\t\t\t<div class=\"elementor-widget-wrap elementor-element-populated\">\n\t\t\t\t\t\t<div class=\"elementor-element elementor-element-ead35d3 elementor-widget elementor-widget-text-editor\" data-id=\"ead35d3\" data-element_type=\"widget\" data-widget_type=\"text-editor.default\">\n\t\t\t\t<div class=\"elementor-widget-container\">\n\t\t\t<style>\/*! elementor - v3.21.0 - 26-05-2024 *\/\n.elementor-widget-text-editor.elementor-drop-cap-view-stacked .elementor-drop-cap{background-color:#69727d;color:#fff}.elementor-widget-text-editor.elementor-drop-cap-view-framed .elementor-drop-cap{color:#69727d;border:3px solid;background-color:transparent}.elementor-widget-text-editor:not(.elementor-drop-cap-view-default) .elementor-drop-cap{margin-top:8px}.elementor-widget-text-editor:not(.elementor-drop-cap-view-default) .elementor-drop-cap-letter{width:1em;height:1em}.elementor-widget-text-editor .elementor-drop-cap{float:left;text-align:center;line-height:1;font-size:50px}.elementor-widget-text-editor .elementor-drop-cap-letter{display:inline-block}<\/style>\t\t\t\t<p><strong>Centro de Arbitragem de Conflitos de Consumo &#8211; Lisboa (CACCL)<\/strong><\/p><p><strong>Morada:<\/strong> Rua dos Douradores n.\u00ba 116, 2\u00ba, 1100 &#8211; 207 Lisboa<br \/><strong>Correio eletr\u00f3nico:<\/strong> juridico@centroarbitragemlisboa.pt<br \/><strong>Telefone:<\/strong> 218 807 030 \/ 218 807 038<br \/>www.centroarbitragemlisboa.pt<br \/><strong>Hor\u00e1rio de atendimento<\/strong> (por marca\u00e7\u00e3o pr\u00e9via atrav\u00e9s do n.\u00ba 218 807 030): 2\u00aa e 6\u00aa feira, das 11h00 \u00e0s 13h00<br \/>MAPA<br \/><strong>Cobertura geogr\u00e1fica:<\/strong> Lisboa, Alcochete, Almada, Amadora, Azambuja, Barreiro, Cascais, Lisboa, Loures, Mafra, Moita, Montijo, Odivelas, Oeiras, Palmela, Seixal, Sesimbra, Set\u00fabal, Sintra e Vila Franca de Xira.<\/p><p><strong>Centro de Arbitragem de Conflitos de Consumo &#8211; Braga (CIAB &#8211; Tribunal Arbitral)<\/strong><\/p><p><strong>Morada:<\/strong> Rua D. Afonso Henriques n.\u00ba 1, 4700-030 Braga<br \/><strong>Correio eletr\u00f3nico:<\/strong> geral@ciab.pt<br \/><strong>Telefone:<\/strong> 253 617 604<br \/>www.ciab.pt<br \/><strong>Hor\u00e1rio de atendimento:<\/strong> 9h00 &#8211; 16h00<br \/>MAPA<br \/><strong>Cobertura geogr\u00e1fica:<\/strong> Amares, Arcos de Valdevez, Barcelos, Braga, Caminha, Esposende, Melga\u00e7o, Mon\u00e7\u00e3o, Montalegre, Paredes de Coura, Ponte da Barca, Ponte de Lima, P\u00f3voa do Lanhoso, Terras do Bouro, Valen\u00e7a, Viana do Castelo, Vila Nova de Cerveira, Vieira do Minho e Vila Verde.<\/p>\t\t\t\t\t\t<\/div>\n\t\t\t\t<\/div>\n\t\t\t\t\t<\/div>\n\t\t<\/div>\n\t\t\t\t\t<\/div>\n\t\t<\/section>\n\t\t\t\t<\/div>\n\t\t","protected":false},"excerpt":{"rendered":"<p>Centro de Arbitragem de Conflitos de Consumo &#8211; Lisboa (CACCL) Morada: Rua dos Douradores n.\u00ba 116, 2\u00ba, 1100 &#8211; 207 LisboaCorreio eletr\u00f3nico: juridico@centroarbitragemlisboa.ptTelefone: 218 807 030 \/ 218 807 038www.centroarbitragemlisboa.ptHor\u00e1rio de atendimento (por marca\u00e7\u00e3o pr\u00e9via atrav\u00e9s do n.\u00ba 218 807 030): 2\u00aa e 6\u00aa feira, das 11h00 \u00e0s 13h00MAPACobertura geogr\u00e1fica: Lisboa, Alcochete, Almada, Amadora, Azambuja, [&hellip;]<\/p>\n","protected":false},"author":1,"featured_media":0,"parent":0,"menu_order":0,"comment_status":"closed","ping_status":"closed","template":"elementor_header_footer","meta":{"footnotes":""},"class_list":["post-866","page","type-page","status-publish","hentry"],"_links":{"self":[{"href":"https:\/\/casadosbragancas.com\/m\/index.php\/wp-json\/wp\/v2\/pages\/866","targetHints":{"allow":["GET"]}}],"collection":[{"href":"https:\/\/casadosbragancas.com\/m\/index.php\/wp-json\/wp\/v2\/pages"}],"about":[{"href":"https:\/\/casadosbragancas.com\/m\/index.php\/wp-json\/wp\/v2\/types\/page"}],"author":[{"embeddable":true,"href":"https:\/\/casadosbragancas.com\/m\/index.php\/wp-json\/wp\/v2\/users\/1"}],"replies":[{"embeddable":true,"href":"https:\/\/casadosbragancas.com\/m\/index.php\/wp-json\/wp\/v2\/comments?post=866"}],"version-history":[{"count":0,"href":"https:\/\/casadosbragancas.com\/m\/index.php\/wp-json\/wp\/v2\/pages\/866\/revisions"}],"wp:attachment":[{"href":"https:\/\/casadosbragancas.com\/m\/index.php\/wp-json\/wp\/v2\/media?parent=866"}],"curies":[{"name":"wp","href":"https:\/\/api.w.org\/{rel}","templated":true}]}}